{"id":329,"date":"2015-09-20T11:54:55","date_gmt":"2015-09-20T09:54:55","guid":{"rendered":"http:\/\/plantis.info\/animals\/?page_id=329"},"modified":"2025-01-23T10:15:58","modified_gmt":"2025-01-23T09:15:58","slug":"coleopteres","status":"publish","type":"page","link":"https:\/\/planteset.com\/animaux\/coleopteres\/","title":{"rendered":"Col\u00e9opt\u00e8res &#038; h\u00e9t\u00e9ropt\u00e8res"},"content":{"rendered":"<h3>Quels sont les col\u00e9opt\u00e8res et les punaises ?<\/h3>\n<p>Certains col\u00e9opt\u00e8res et punaises se ressemblent, et ce qu&rsquo;ils ont en commun, c&rsquo;est qu&rsquo;ils appartiennent \u00e0 la classe des insectes. Cependant, ils ne sont pas \u00e9troitement apparent\u00e9s. Les punaises sont rattach\u00e9es \u00e0 l&rsquo;ordre des H\u00e9mipt\u00e8res, tandis que les col\u00e9opt\u00e8res forment un ordre distinct portant le nom scientifique de Col\u00e9opt\u00e8res.<\/p>\n<p>Ce qu&rsquo;ils ont \u00e9galement en commun, c&rsquo;est qu&rsquo;il existe parmi les col\u00e9opt\u00e8res et les punaises des esp\u00e8ces phytophages (se nourrissant de plantes) et carnivores (se nourrissant de chair). Certaines punaises injectent un venin paralysant \u00e0 leurs proies afin de les aspirer ensuite.<\/p>\n<p>Ils peuvent aussi occuper des habitats similaires. Par exemple, le Notonecte glauque (Notonecta glauca) vit dans les mares, les \u00e9tangs et les lacs, et peut parfois m\u00eame \u00eatre observ\u00e9 dans des tonneaux d&rsquo;eau. Il partage ces biotopes avec le Dytique bord\u00e9 (Dytiscus marginalis). Ces deux esp\u00e8ces ont un mode de vie pr\u00e9dateur.<\/p>\n<p>Le plus grand col\u00e9opt\u00e8re indig\u00e8ne d&rsquo;Europe est probablement le lucane cerf-volant. Les m\u00e2les peuvent atteindre jusqu&rsquo;\u00e0 huit centim\u00e8tres de longueur. En revanche, la plus grande esp\u00e8ce de punaise europ\u00e9enne, le n\u00e8pe cendr\u00e9e (Nepa cinerea), est nettement plus petite et mesure seulement jusqu&rsquo;\u00e0 2,5 centim\u00e8tres de long.<\/p>\n<p>Par ailleurs, tant les col\u00e9opt\u00e8res que les punaises comptent des esp\u00e8ces capables de s\u00e9cr\u00e9ter une substance d\u00e9fensive en cas de danger. Quiconque a d\u00e9j\u00e0 tenu une coccinelle dans sa main a peut-\u00eatre remarqu\u00e9 une petite goutte jaune fonc\u00e9 ressemblant \u00e0 de l&rsquo;urine.<\/p>\n<p>En raison de l&rsquo;odeur d\u00e9sagr\u00e9able de leur s\u00e9cr\u00e9tion d\u00e9fensive, certaines punaises des bois sont \u00e9galement appel\u00e9es \u00ab\u00a0punaises puantes\u00a0\u00bb.<\/p>\n<p>Je dis \u00ab\u00a0odeur d\u00e9sagr\u00e9able\u00a0\u00bb, car ces insectes n&rsquo;utilisent cette arme qu&rsquo;en cas de menace extr\u00eame. Personnellement, je n&rsquo;ai encore jamais eu l&rsquo;occasion d&rsquo;observer ou de sentir cela, bien que j&rsquo;aie lib\u00e9r\u00e9 de nombreuses punaises des bois de mon abri de jardin ou de ma maison. Je les attrape avec une \u00e9puisette d&rsquo;aquarium ou un verre.<\/p>\n","protected":false},"excerpt":{"rendered":"<p>Quels sont les col\u00e9opt\u00e8res et les punaises ? Certains col\u00e9opt\u00e8res et punaises se ressemblent, et ce qu&rsquo;ils ont en commun, c&rsquo;est qu&rsquo;ils appartiennent \u00e0 la classe des insectes. Cependant, ils ne sont pas \u00e9troitement apparent\u00e9s. Les punaises sont rattach\u00e9es \u00e0 l&rsquo;ordre des H\u00e9mipt\u00e8res, tandis que les col\u00e9opt\u00e8res forment un ordre distinct portant le nom scientifique [&hellip;]<\/p>\n","protected":false},"author":1,"featured_media":0,"parent":0,"menu_order":0,"comment_status":"closed","ping_status":"closed","template":"templates\/content-page-Explanation.php","meta":{"_seopress_robots_primary_cat":"","_seopress_titles_title":"","_seopress_titles_desc":"","_seopress_robots_index":""},"categories":[41],"tags":[],"_links":{"self":[{"href":"https:\/\/planteset.com\/animaux\/wp-json\/wp\/v2\/pages\/329"}],"collection":[{"href":"https:\/\/planteset.com\/animaux\/wp-json\/wp\/v2\/pages"}],"about":[{"href":"https:\/\/planteset.com\/animaux\/wp-json\/wp\/v2\/types\/page"}],"author":[{"embeddable":true,"href":"https:\/\/planteset.com\/animaux\/wp-json\/wp\/v2\/users\/1"}],"replies":[{"embeddable":true,"href":"https:\/\/planteset.com\/animaux\/wp-json\/wp\/v2\/comments?post=329"}],"version-history":[{"count":0,"href":"https:\/\/planteset.com\/animaux\/wp-json\/wp\/v2\/pages\/329\/revisions"}],"wp:attachment":[{"href":"https:\/\/planteset.com\/animaux\/wp-json\/wp\/v2\/media?parent=329"}],"wp:term":[{"taxonomy":"category","embeddable":true,"href":"https:\/\/planteset.com\/animaux\/wp-json\/wp\/v2\/categories?post=329"},{"taxonomy":"post_tag","embeddable":true,"href":"https:\/\/planteset.com\/animaux\/wp-json\/wp\/v2\/tags?post=329"}],"curies":[{"name":"wp","href":"https:\/\/api.w.org\/{rel}","templated":true}]}}